{"id":14872,"date":"2022-12-26T17:26:16","date_gmt":"2022-12-26T16:26:16","guid":{"rendered":"https:\/\/www.restaurant-becassine.fr\/?page_id=14872"},"modified":"2026-04-09T17:22:35","modified_gmt":"2026-04-09T15:22:35","slug":"evenements","status":"publish","type":"page","link":"https:\/\/www.restaurant-becassine.fr\/fr\/evenements\/","title":{"rendered":"\u00c9v\u00e9nements"},"content":{"rendered":"<div id=\"seasidetms_row_ivr0hx7f1d\" class=\"seasidetms_row seasidetms_color_scheme_default seasidetms_row_top_default seasidetms_row_bot_default seasidetms_row_boxed\">\n<div class=\"seasidetms_row_outer_parent\">\n<div class=\"seasidetms_row_outer\">\n<div class=\"seasidetms_row_inner\">\n<div class=\"seasidetms_row_margin\">\n<div id=\"seasidetms_column_g8tiembvpa\" class=\"seasidetms_column one_first\">\n<div class=\"seasidetms_column_inner\"><div id=\"seasidetms_heading_mujqy2r6b\" class=\"seasidetms_heading_wrap seasidetms_heading_align_center\">\n\t<p class=\"seasidetms_heading\">Personnalis\u00e9es<\/p>\n<\/div>\n<div id=\"seasidetms_divider_vuivg2ygtt\" class=\"cl\"><\/div>\n<div id=\"seasidetms_heading_ps4j1n9bbp\" class=\"seasidetms_heading_wrap seasidetms_heading_align_center\">\n\t<h2 class=\"seasidetms_heading\">Nos prestations sur-mesure<\/h2>\n<\/div>\n<\/div><\/div>\n<\/div>\n<\/div>\n<\/div>\n<\/div>\n<\/div>\n<div id=\"seasidetms_row_f5c9zteay\" class=\"seasidetms_row seasidetms_color_scheme_default seasidetms_row_top_default seasidetms_row_bot_default seasidetms_row_boxed\">\n<div class=\"seasidetms_row_outer_parent\">\n<div class=\"seasidetms_row_outer\">\n<div class=\"seasidetms_row_inner\">\n<div class=\"seasidetms_row_margin\">\n<div id=\"seasidetms_column_axaveusc7q\" class=\"seasidetms_column one_third\">\n<div class=\"seasidetms_column_inner\"><ul id=\"seasidetms_icon_list_items_i9eo582cs0\" class=\"seasidetms_icon_list_items seasidetms_icon_list_type_block seasidetms_icon_list_pos_left seasidetms_color_type_icon\"><li id=\"seasidetms_icon_list_item_adt1ljvse\" class=\"seasidetms_icon_list_item seasidetms_icon_type_image\">\n<div class=\"seasidetms_icon_list_item_inner\">\n<div class=\"seasidetms_icon_list_icon_wrap\">\n<span class=\"seasidetms_icon_list_icon \"><\/span>\n<\/div>\n<div class=\"seasidetms_icon_list_item_content\">\n<h3 class=\"seasidetms_icon_list_item_title\"><a href=\"https:\/\/www.restaurant-becassine.fr\/app\/uploads\/2026\/04\/DOC-CELEBRATION-FEVRIER-2026-B-digital.pdf\">C\u00e9l\u00e9bration<\/a><\/h3>\n<div class=\"seasidetms_icon_list_item_text\">\n<p>Que vous ayez 20 ans ou 86, chaque anniversaire est unique. Privatisation, ateliers, cocktail ou buffet, c\u2019est notre m\u00e9tier, faites-nous part de vos envies.<\/p>\n<p><a class=\"seasidetms_button\" href=\"https:\/\/www.restaurant-becassine.fr\/app\/uploads\/2026\/04\/DOC-CELEBRATION-FEVRIER-2026-B-digital.pdf\" target=\"_blank\" rel=\"noopener\"><strong>T\u00e9l\u00e9chargez le catalogue<\/strong><\/a><\/p>\n<\/div>\n<\/div>\n<\/div>\n<\/li><\/ul>\n<\/div><\/div>\n<div id=\"seasidetms_column_0cryfecdkf\" class=\"seasidetms_column one_third\">\n<div class=\"seasidetms_column_inner\"><ul id=\"seasidetms_icon_list_items_4a7x0rul9g\" class=\"seasidetms_icon_list_items seasidetms_icon_list_type_block seasidetms_icon_list_pos_left seasidetms_color_type_icon\"><li id=\"seasidetms_icon_list_item_xyt41lqy1l\" class=\"seasidetms_icon_list_item seasidetms_icon_type_image\">\n<div class=\"seasidetms_icon_list_item_inner\">\n<div class=\"seasidetms_icon_list_icon_wrap\">\n<span class=\"seasidetms_icon_list_icon \"><\/span>\n<\/div>\n<div class=\"seasidetms_icon_list_item_content\">\n<h3 class=\"seasidetms_icon_list_item_title\"><a href=\"\/app\/uploads\/2025\/11\/prestations-entreprise-2.pdf\">Entreprise<\/a><\/h3>\n<div class=\"seasidetms_icon_list_item_text\">\n<p>R\u00e9union, s\u00e9minaire, afterwork, privatisation partielle ou compl\u00e8te, organisons-nous, B\u00e9cassine est le lieu id\u00e9al.<\/p>\n<p><a class=\"seasidetms_button\" href=\"https:\/\/www.restaurant-becassine.fr\/app\/uploads\/2026\/04\/DOC-GROUP-PRO-Avril-2026-B-digital.pdf\" target=\"_blank\" rel=\"noopener\"><strong>T\u00e9l\u00e9chargez le catalogue<\/strong><\/a><\/p>\n<\/div>\n<\/div>\n<\/div>\n<\/li><\/ul>\n<\/div><\/div>\n<div id=\"seasidetms_column_2w9xbv2z7k\" class=\"seasidetms_column one_third\">\n<div class=\"seasidetms_column_inner\"><ul id=\"seasidetms_icon_list_items_zkuprn115\" class=\"seasidetms_icon_list_items seasidetms_icon_list_type_block seasidetms_icon_list_pos_left seasidetms_color_type_icon\"><li id=\"seasidetms_icon_list_item_j9u9ekkbgb\" class=\"seasidetms_icon_list_item seasidetms_icon_type_image\">\n<div class=\"seasidetms_icon_list_item_inner\">\n<div class=\"seasidetms_icon_list_icon_wrap\">\n<span class=\"seasidetms_icon_list_icon \"><\/span>\n<\/div>\n<div class=\"seasidetms_icon_list_item_content\">\n<h3 class=\"seasidetms_icon_list_item_title\"><a href=\"\/app\/uploads\/2025\/11\/prestations-mariage.pdf\">Mariage<\/a><\/h3>\n<div class=\"seasidetms_icon_list_item_text\">\n<p>Vous voulez faire de votre mariage le plus beau jour de votre vie ? Surprenez vos invit\u00e9s en les r\u00e9unissant sur notre ponton magiquement majestueux ! Gait\u00e9, chaleur et raffinement, nous saurons vous proposer un menu sur mesure, en ad\u00e9quation avec vos envies.<\/p>\n<p><strong><a class=\"seasidetms_button\" href=\"\/app\/uploads\/2025\/11\/prestations-mariage.pdf\" target=\"_blank\" rel=\"noopener\"><strong>T\u00e9l\u00e9chargez le catalogue<\/strong><\/a><\/strong><\/p>\n<p>&nbsp;<\/p>\n<\/div>\n<\/div>\n<\/div>\n<\/li><\/ul>\n<\/div><\/div>\n<\/div>\n<\/div>\n<\/div>\n<\/div>\n<\/div>\n<div id=\"seasidetms_row_lpu92z8vc4\" class=\"seasidetms_row seasidetms_color_scheme_default seasidetms_row_top_default seasidetms_row_bot_default seasidetms_row_boxed\">\n<div class=\"seasidetms_row_outer_parent\">\n<div class=\"seasidetms_row_outer\">\n<div class=\"seasidetms_row_inner\">\n<div class=\"seasidetms_row_margin\">\n<div id=\"seasidetms_column_8hvmbomj4l\" class=\"seasidetms_column one_first\">\n<div class=\"seasidetms_column_inner\"><div id=\"seasidetms_heading_rnogn3x1j\" class=\"seasidetms_heading_wrap seasidetms_heading_align_center\">\n\t<p class=\"seasidetms_heading\">Demande<\/p>\n<\/div>\n<div id=\"seasidetms_divider_8it7n5580q\" class=\"cl\"><\/div>\n<div id=\"seasidetms_heading_1t3gnra0l\" class=\"seasidetms_heading_wrap seasidetms_heading_align_center\">\n\t<h2 class=\"seasidetms_heading\">Devis<\/h2>\n<\/div><div class=\"seasidetms_text\">\n<p style=\"text-align: center;\">Parce que chaque prestation est unique, contactez-nous !<\/p>\n<\/div>\n<\/div><\/div>\n<\/div>\n<\/div>\n<\/div>\n<\/div>\n<\/div>\n<div id=\"seasidetms_row_syyw3gpfbr\" class=\"seasidetms_row seasidetms_color_scheme_default seasidetms_row_top_default seasidetms_row_bot_default seasidetms_row_boxed\">\n<div class=\"seasidetms_row_outer_parent\">\n<div class=\"seasidetms_row_outer\">\n<div class=\"seasidetms_row_inner\">\n<div class=\"seasidetms_row_margin\">\n<div id=\"seasidetms_column_63e4mw46um\" class=\"seasidetms_column one_fourth\">\n<div class=\"seasidetms_column_inner\"><div id=\"seasidetms_gallery_p3a1fvcg68\" class=\"seasidetms_gallery_wrap\" data-type=\"grid\" data-count=\"1\"><ul class=\"seasidetms_gallery seasidetms_1 seasidetms_more_items_loader\"><li class=\"seasidetms_gallery_item\"><figure><img loading=\"lazy\" decoding=\"async\" width=\"273\" height=\"479\" src=\"https:\/\/www.restaurant-becassine.fr\/app\/uploads\/2022\/12\/cuisine.jpg\" class=\"attachment-full size-full\" alt=\"\" srcset=\"https:\/\/www.restaurant-becassine.fr\/app\/uploads\/2022\/12\/cuisine.jpg 273w, https:\/\/www.restaurant-becassine.fr\/app\/uploads\/2022\/12\/cuisine-171x300.jpg 171w\" sizes=\"(max-width: 273px) 100vw, 273px\" \/><\/figure><\/li><\/ul><\/div>\n<\/div><\/div>\n<div id=\"seasidetms_column_xuo4kvxj5b\" class=\"seasidetms_column one_half\">\n<div class=\"seasidetms_column_inner\">\n<div class=\"seasidetms_contact_form\">\n<div class=\"wpcf7 no-js\" id=\"wpcf7-f14903-o1\" lang=\"fr-FR\" dir=\"ltr\">\n<div class=\"screen-reader-response\"><p role=\"status\" aria-live=\"polite\" aria-atomic=\"true\"><\/p> <ul><\/ul><\/div>\n<form action=\"\/fr\/wp-json\/wp\/v2\/pages\/14872#wpcf7-f14903-o1\" method=\"post\" class=\"wpcf7-form init\" aria-label=\"Formulaire de contact\" novalidate=\"novalidate\" data-status=\"init\">\n<div style=\"display: none;\">\n<input type=\"hidden\" name=\"_wpcf7\" value=\"14903\" \/>\n<input type=\"hidden\" name=\"_wpcf7_version\" value=\"5.9.4\" \/>\n<input type=\"hidden\" name=\"_wpcf7_locale\" value=\"fr_FR\" \/>\n<input type=\"hidden\" name=\"_wpcf7_unit_tag\" value=\"wpcf7-f14903-o1\" \/>\n<input type=\"hidden\" name=\"_wpcf7_container_post\" value=\"0\" \/>\n<input type=\"hidden\" name=\"_wpcf7_posted_data_hash\" value=\"\" \/>\n<\/div>\n<div class=\"seasidetms-form-builder\">\n\t<div class=\"form_info one_half\">\n\t\t<p><span class=\"wpcf7-form-control-wrap\" data-name=\"your-name\"><input size=\"40\" class=\"wpcf7-form-control wpcf7-text wpcf7-validates-as-required\" autocomplete=\"name\" aria-required=\"true\" aria-invalid=\"false\" placeholder=\"Nom\" value=\"\" type=\"text\" name=\"your-name\" \/><\/span>\n\t\t<\/p>\n\t<\/div>\n\t<div class=\"form_info one_half\">\n\t\t<p><span class=\"wpcf7-form-control-wrap\" data-name=\"your-firstname\"><input size=\"40\" class=\"wpcf7-form-control wpcf7-text wpcf7-validates-as-required\" autocomplete=\"email\" aria-required=\"true\" aria-invalid=\"false\" placeholder=\"Pr\u00e9nom\" value=\"\" type=\"text\" name=\"your-firstname\" \/><\/span>\n\t\t<\/p>\n\t<\/div>\n\t<div class=\"form_info one_half\">\n\t\t<p><span class=\"wpcf7-form-control-wrap\" data-name=\"your-phone\"><input size=\"40\" class=\"wpcf7-form-control wpcf7-tel wpcf7-validates-as-required wpcf7-text wpcf7-validates-as-tel\" autocomplete=\"email\" aria-required=\"true\" aria-invalid=\"false\" placeholder=\"Num\u00e9ro de t\u00e9l\u00e9phone\" value=\"\" type=\"tel\" name=\"your-phone\" \/><\/span>\n\t\t<\/p>\n\t<\/div>\n\t<div class=\"form_info one_half\">\n\t\t<p><span class=\"wpcf7-form-control-wrap\" data-name=\"your-email\"><input size=\"40\" class=\"wpcf7-form-control wpcf7-email wpcf7-validates-as-required wpcf7-text wpcf7-validates-as-email\" autocomplete=\"email\" aria-required=\"true\" aria-invalid=\"false\" placeholder=\"Email\" value=\"\" type=\"email\" name=\"your-email\" \/><\/span>\n\t\t<\/p>\n\t<\/div>\n\t<div class=\"form_info one_half\">\n\t\t<p><span class=\"wpcf7-form-control-wrap\" data-name=\"your-date\"><input class=\"wpcf7-form-control wpcf7-date wpcf7-validates-as-required wpcf7-validates-as-date\" min=\"2026-05-02\" autocomplete=\"email\" aria-required=\"true\" aria-invalid=\"false\" placeholder=\"JJ\/MM\/AAAA\" value=\"\" type=\"date\" name=\"your-date\" \/><\/span>\n\t\t<\/p>\n\t<\/div>\n\t<div class=\"form_info one_half\">\n\t\t<p><span class=\"wpcf7-form-control-wrap\" data-name=\"person-count\"><input class=\"wpcf7-form-control wpcf7-number wpcf7-validates-as-required wpcf7-validates-as-number\" min=\"1\" aria-required=\"true\" aria-invalid=\"false\" placeholder=\"Nombre de personnes\" value=\"\" type=\"number\" name=\"person-count\" \/><\/span>\n\t\t<\/p>\n\t<\/div>\n\t<div class=\"form_info one_first\">\n\t\t<p><span class=\"wpcf7-form-control-wrap\" data-name=\"prestation\"><select class=\"wpcf7-form-control wpcf7-select wpcf7-validates-as-required\" aria-required=\"true\" aria-invalid=\"false\" name=\"prestation\"><option value=\"\">Type de prestation<\/option><option value=\"Anniversaire\">Anniversaire<\/option><option value=\"Repas d&#039;entreprise\">Repas d&#039;entreprise<\/option><option value=\"Mariage\">Mariage<\/option><option value=\"Soir\u00e9e\">Soir\u00e9e<\/option><option value=\"Autre\">Autre<\/option><\/select><\/span>\n\t\t<\/p>\n\t<\/div>\n\t<div class=\"form_info one_first\">\n\t\t<p><span class=\"wpcf7-form-control-wrap\" data-name=\"service\"><select class=\"wpcf7-form-control wpcf7-select wpcf7-validates-as-required\" aria-required=\"true\" aria-invalid=\"false\" name=\"service\"><option value=\"\">Service<\/option><option value=\"Midi\">Midi<\/option><option value=\"Soir\">Soir<\/option><\/select><\/span>\n\t\t<\/p>\n\t<\/div>\n\t<div class=\"form_info one_first\">\n\t\t<p><span class=\"wpcf7-form-control-wrap\" data-name=\"your-message\"><textarea cols=\"40\" rows=\"3\" class=\"wpcf7-form-control wpcf7-textarea\" aria-invalid=\"false\" placeholder=\"Message\" name=\"your-message\"><\/textarea><\/span>\n\t\t<\/p>\n\t<\/div>\n\t<div class=\"form_info one_first\">\n\t\t<p><span class=\"wpcf7-form-control-wrap\" data-name=\"private\"><span class=\"wpcf7-form-control wpcf7-checkbox\"><span class=\"wpcf7-list-item first last\"><label><input type=\"checkbox\" name=\"private[]\" value=\"Privatiser le restaurant\" \/><span class=\"wpcf7-list-item-label\">Privatiser le restaurant<\/span><\/label><\/span><\/span><\/span>\n\t\t<\/p>\n\t<\/div>\n\t<div class=\"form_info one_first\">\n\t\t<p><span class=\"wpcf7-form-control-wrap\" data-name=\"hcap-cf7\">\t\t<input\n\t\t\t\ttype=\"hidden\"\n\t\t\t\tclass=\"hcaptcha-widget-id\"\n\t\t\t\tname=\"hcaptcha-widget-id\"\n\t\t\t\tvalue=\"eyJzb3VyY2UiOlsiY29udGFjdC1mb3JtLTdcL3dwLWNvbnRhY3QtZm9ybS03LnBocCJdLCJmb3JtX2lkIjoxNDkwM30=-97ea3386b68eb1f1d3e99b45d4be9600\">\n\t\t\t\t<span id=\"hcap_cf7-69f52c703597c8.49009586\" class=\"wpcf7-form-control h-captcha \"\n\t\t\tdata-sitekey=\"a6198150-a599-475e-910d-9a2952ffef7e\"\n\t\t\tdata-theme=\"light\"\n\t\t\tdata-size=\"invisible\"\n\t\t\tdata-auto=\"false\"\n\t\t\tdata-ajax=\"false\"\n\t\t\tdata-force=\"false\">\n\t\t<\/span>\n\t\t<input type=\"hidden\" id=\"_wpnonce\" name=\"_wpnonce\" value=\"f3684f8af0\" \/><input type=\"hidden\" name=\"_wp_http_referer\" value=\"\/fr\/wp-json\/wp\/v2\/pages\/14872\" \/><\/span><input class=\"wpcf7-form-control wpcf7-submit has-spinner\" type=\"submit\" value=\"Envoyer la demande\" \/>\n\t\t<\/p>\n\t<\/div>\n<\/div><input type='hidden' class='wpcf7-pum' value='{\"closepopup\":false,\"closedelay\":0,\"openpopup\":false,\"openpopup_id\":0}' \/><div class=\"wpcf7-response-output\" aria-hidden=\"true\"><\/div>\n<\/form>\n<\/div>\n<\/div>\n<\/div><\/div>\n<div id=\"seasidetms_column_x8s77adk7a\" class=\"seasidetms_column one_fourth\">\n<div class=\"seasidetms_column_inner\"><div id=\"seasidetms_gallery_y40bxpehtu\" class=\"seasidetms_gallery_wrap\" data-type=\"grid\" data-count=\"1\"><ul class=\"seasidetms_gallery seasidetms_1 seasidetms_more_items_loader\"><li class=\"seasidetms_gallery_item\"><figure><img loading=\"lazy\" decoding=\"async\" width=\"273\" height=\"479\" src=\"https:\/\/www.restaurant-becassine.fr\/app\/uploads\/2022\/12\/salle.jpg\" class=\"attachment-full size-full\" alt=\"\" srcset=\"https:\/\/www.restaurant-becassine.fr\/app\/uploads\/2022\/12\/salle.jpg 273w, https:\/\/www.restaurant-becassine.fr\/app\/uploads\/2022\/12\/salle-171x300.jpg 171w\" sizes=\"(max-width: 273px) 100vw, 273px\" \/><\/figure><\/li><\/ul><\/div>\n<\/div><\/div>\n<\/div>\n<\/div>\n<\/div>\n<\/div>\n<\/div>\n<div id=\"seasidetms_row_osouu8odmf\" class=\"seasidetms_row seasidetms_color_scheme_default seasidetms_row_top_default seasidetms_row_bot_default seasidetms_row_boxed\">\n<div class=\"seasidetms_row_outer_parent\">\n<div class=\"seasidetms_row_outer\">\n<div class=\"seasidetms_row_inner\">\n<div class=\"seasidetms_row_margin\">\n<div id=\"seasidetms_column_5vkvdoixen\" class=\"seasidetms_column one_half\">\n<div class=\"seasidetms_column_inner\"><div class=\"custom_html\">\n<div id=\"partners\" style=\"display: flex; flex-wrap: wrap;\">\n<a href=\"https:\/\/www.seminaire-loire.fr\/\" target=\"_blank\"><img decoding=\"async\" src=\"\/app\/uploads\/2022\/12\/seminaire-loire.png\"><\/a><br \/>\n<a href=\"https:\/\/www.zen-orga.fr\/\" target=\"_blank\"><img decoding=\"async\" src=\"\/app\/uploads\/2025\/01\/logo-zen-orga.png\"><\/a><br \/>\n<a href=\"https:\/\/maison-maurice.fr\/\" target=\"_blank\"><img decoding=\"async\" src=\"\/app\/uploads\/2023\/07\/maison-maurice.png\"><\/a>\n<\/div>\n<style>\n#partners a {\ndisplay: block;\nwidth: 100%;\n}\n@media screen and (min-width: 768px) {\n#partners a {\nwidth: 50%;\npadding: 0 15px;\n}\n}\n@media screen and (min-width: 1024px) {\n#partners a {\nwidth: 33.33%;\n}\n}\n<\/style>\n<\/div>\n<\/div><\/div>\n<div id=\"seasidetms_column_6kphcon72f\" class=\"seasidetms_column one_half\">\n<div class=\"seasidetms_column_inner\"><div class=\"seasidetms_clients_grid_wrap\">\n<div id=\"seasidetms_clients_evqca7533i\" class=\"seasidetms_clients_grid clients_five\">\n<div class=\"seasidetms_clients_items slides\">\n<\/div>\n<\/div>\n<\/div>\n<div id=\"seasidetms_heading_ygclthaftr\" class=\"seasidetms_heading_wrap seasidetms_heading_align_center\">\n\t<p class=\"seasidetms_heading\">Ensemble<\/p>\n<\/div>\n<div id=\"seasidetms_divider_2rjxat9vql\" class=\"cl\"><\/div>\n<div id=\"seasidetms_heading_7ljb08vus\" class=\"seasidetms_heading_wrap seasidetms_heading_align_center\">\n\t<h2 class=\"seasidetms_heading\">Partenariat<\/h2>\n<\/div><div class=\"seasidetms_text\">\n<p style=\"text-align: center;\">S\u00e9minaire Loire : salle de s\u00e9minaire \u00e0 l\u2019\u00e9tage. Il est possible de combiner r\u00e9union dans leurs espaces et descendre d\u00e9jeuner. Nous pouvons \u00e9galement organiser vos accueils caf\u00e9, pauses, cocktails ou buffets directement dans leur salle.<\/p>\n<p style=\"text-align: center;\">Zen Orga : location de mat\u00e9riel \u00e9v\u00e8nementiel. Pour une gestion facile de votre mat\u00e9riel pour l\u2019organisation de votre \u00e9v\u00e8nement.<\/p>\n<\/div>\n<\/div><\/div>\n<\/div>\n<\/div>\n<\/div>\n<\/div>\n<\/div>\n\n","protected":false},"excerpt":{"rendered":"","protected":false},"author":1,"featured_media":0,"parent":0,"menu_order":0,"comment_status":"closed","ping_status":"closed","template":"","meta":{"footnotes":""},"yoast_head":"<!-- This site is optimized with the Yoast SEO plugin v22.7 - https:\/\/yoast.com\/wordpress\/plugins\/seo\/ -->\n<title>\u00c9v\u00e9nements - Restaurant B\u00e9cassine - Bar - Saint-Herblain - Nantes<\/title>\n<meta name=\"robots\" content=\"index, follow, max-snippet:-1, max-image-preview:large, max-video-preview:-1\" \/>\n<link rel=\"canonical\" href=\"https:\/\/www.restaurant-becassine.fr\/fr\/evenements\/\" \/>\n<meta property=\"og:locale\" content=\"fr_FR\" \/>\n<meta property=\"og:type\" content=\"article\" \/>\n<meta property=\"og:title\" content=\"\u00c9v\u00e9nements - Restaurant B\u00e9cassine - Bar - Saint-Herblain - Nantes\" \/>\n<meta property=\"og:url\" content=\"https:\/\/www.restaurant-becassine.fr\/fr\/evenements\/\" \/>\n<meta property=\"og:site_name\" content=\"Restaurant B\u00e9cassine - Bar - Saint-Herblain - Nantes\" \/>\n<meta property=\"article:publisher\" content=\"https:\/\/www.facebook.com\/becassinerestaurant\/\" \/>\n<meta property=\"article:modified_time\" content=\"2026-04-09T15:22:35+00:00\" \/>\n<meta name=\"twitter:card\" content=\"summary_large_image\" \/>\n<meta name=\"twitter:label1\" content=\"Dur\u00e9e de lecture estim\u00e9e\" \/>\n\t<meta name=\"twitter:data1\" content=\"3 minutes\" \/>\n<script type=\"application\/ld+json\" class=\"yoast-schema-graph\">{\"@context\":\"https:\/\/schema.org\",\"@graph\":[{\"@type\":\"WebPage\",\"@id\":\"https:\/\/www.restaurant-becassine.fr\/fr\/evenements\/\",\"url\":\"https:\/\/www.restaurant-becassine.fr\/fr\/evenements\/\",\"name\":\"\u00c9v\u00e9nements - Restaurant B\u00e9cassine - Bar - Saint-Herblain - Nantes\",\"isPartOf\":{\"@id\":\"https:\/\/www.restaurant-becassine.fr\/fr\/#website\"},\"datePublished\":\"2022-12-26T16:26:16+00:00\",\"dateModified\":\"2026-04-09T15:22:35+00:00\",\"breadcrumb\":{\"@id\":\"https:\/\/www.restaurant-becassine.fr\/fr\/evenements\/#breadcrumb\"},\"inLanguage\":\"fr-FR\",\"potentialAction\":[{\"@type\":\"ReadAction\",\"target\":[\"https:\/\/www.restaurant-becassine.fr\/fr\/evenements\/\"]}]},{\"@type\":\"BreadcrumbList\",\"@id\":\"https:\/\/www.restaurant-becassine.fr\/fr\/evenements\/#breadcrumb\",\"itemListElement\":[{\"@type\":\"ListItem\",\"position\":1,\"name\":\"Home\",\"item\":\"https:\/\/www.restaurant-becassine.fr\/fr\/\"},{\"@type\":\"ListItem\",\"position\":2,\"name\":\"\u00c9v\u00e9nements\"}]},{\"@type\":\"WebSite\",\"@id\":\"https:\/\/www.restaurant-becassine.fr\/fr\/#website\",\"url\":\"https:\/\/www.restaurant-becassine.fr\/fr\/\",\"name\":\"Restaurant B\u00e9cassine - Bar - Saint-Herblain - Nantes\",\"description\":\"\",\"publisher\":{\"@id\":\"https:\/\/www.restaurant-becassine.fr\/fr\/#organization\"},\"potentialAction\":[{\"@type\":\"SearchAction\",\"target\":{\"@type\":\"EntryPoint\",\"urlTemplate\":\"https:\/\/www.restaurant-becassine.fr\/fr\/?s={search_term_string}\"},\"query-input\":\"required name=search_term_string\"}],\"inLanguage\":\"fr-FR\"},{\"@type\":\"Organization\",\"@id\":\"https:\/\/www.restaurant-becassine.fr\/fr\/#organization\",\"name\":\"Restaurant B\u00e9cassine - Bar - Saint-Herblain - Nantes\",\"url\":\"https:\/\/www.restaurant-becassine.fr\/fr\/\",\"logo\":{\"@type\":\"ImageObject\",\"inLanguage\":\"fr-FR\",\"@id\":\"https:\/\/www.restaurant-becassine.fr\/fr\/#\/schema\/logo\/image\/\",\"url\":\"https:\/\/www.restaurant-becassine.fr\/app\/uploads\/2022\/12\/logo.svg\",\"contentUrl\":\"https:\/\/www.restaurant-becassine.fr\/app\/uploads\/2022\/12\/logo.svg\",\"width\":1,\"height\":1,\"caption\":\"Restaurant B\u00e9cassine - Bar - Saint-Herblain - Nantes\"},\"image\":{\"@id\":\"https:\/\/www.restaurant-becassine.fr\/fr\/#\/schema\/logo\/image\/\"},\"sameAs\":[\"https:\/\/www.facebook.com\/becassinerestaurant\/\",\"https:\/\/www.instagram.com\/restaurantbecassine\/\"]}]}<\/script>\n<!-- \/ Yoast SEO plugin. -->","yoast_head_json":{"title":"\u00c9v\u00e9nements - Restaurant B\u00e9cassine - Bar - Saint-Herblain - Nantes","robots":{"index":"index","follow":"follow","max-snippet":"max-snippet:-1","max-image-preview":"max-image-preview:large","max-video-preview":"max-video-preview:-1"},"canonical":"https:\/\/www.restaurant-becassine.fr\/fr\/evenements\/","og_locale":"fr_FR","og_type":"article","og_title":"\u00c9v\u00e9nements - Restaurant B\u00e9cassine - Bar - Saint-Herblain - Nantes","og_url":"https:\/\/www.restaurant-becassine.fr\/fr\/evenements\/","og_site_name":"Restaurant B\u00e9cassine - Bar - Saint-Herblain - Nantes","article_publisher":"https:\/\/www.facebook.com\/becassinerestaurant\/","article_modified_time":"2026-04-09T15:22:35+00:00","twitter_card":"summary_large_image","twitter_misc":{"Dur\u00e9e de lecture estim\u00e9e":"3 minutes"},"schema":{"@context":"https:\/\/schema.org","@graph":[{"@type":"WebPage","@id":"https:\/\/www.restaurant-becassine.fr\/fr\/evenements\/","url":"https:\/\/www.restaurant-becassine.fr\/fr\/evenements\/","name":"\u00c9v\u00e9nements - Restaurant B\u00e9cassine - Bar - Saint-Herblain - Nantes","isPartOf":{"@id":"https:\/\/www.restaurant-becassine.fr\/fr\/#website"},"datePublished":"2022-12-26T16:26:16+00:00","dateModified":"2026-04-09T15:22:35+00:00","breadcrumb":{"@id":"https:\/\/www.restaurant-becassine.fr\/fr\/evenements\/#breadcrumb"},"inLanguage":"fr-FR","potentialAction":[{"@type":"ReadAction","target":["https:\/\/www.restaurant-becassine.fr\/fr\/evenements\/"]}]},{"@type":"BreadcrumbList","@id":"https:\/\/www.restaurant-becassine.fr\/fr\/evenements\/#breadcrumb","itemListElement":[{"@type":"ListItem","position":1,"name":"Home","item":"https:\/\/www.restaurant-becassine.fr\/fr\/"},{"@type":"ListItem","position":2,"name":"\u00c9v\u00e9nements"}]},{"@type":"WebSite","@id":"https:\/\/www.restaurant-becassine.fr\/fr\/#website","url":"https:\/\/www.restaurant-becassine.fr\/fr\/","name":"Restaurant B\u00e9cassine - Bar - Saint-Herblain - Nantes","description":"","publisher":{"@id":"https:\/\/www.restaurant-becassine.fr\/fr\/#organization"},"potentialAction":[{"@type":"SearchAction","target":{"@type":"EntryPoint","urlTemplate":"https:\/\/www.restaurant-becassine.fr\/fr\/?s={search_term_string}"},"query-input":"required name=search_term_string"}],"inLanguage":"fr-FR"},{"@type":"Organization","@id":"https:\/\/www.restaurant-becassine.fr\/fr\/#organization","name":"Restaurant B\u00e9cassine - Bar - Saint-Herblain - Nantes","url":"https:\/\/www.restaurant-becassine.fr\/fr\/","logo":{"@type":"ImageObject","inLanguage":"fr-FR","@id":"https:\/\/www.restaurant-becassine.fr\/fr\/#\/schema\/logo\/image\/","url":"https:\/\/www.restaurant-becassine.fr\/app\/uploads\/2022\/12\/logo.svg","contentUrl":"https:\/\/www.restaurant-becassine.fr\/app\/uploads\/2022\/12\/logo.svg","width":1,"height":1,"caption":"Restaurant B\u00e9cassine - Bar - Saint-Herblain - Nantes"},"image":{"@id":"https:\/\/www.restaurant-becassine.fr\/fr\/#\/schema\/logo\/image\/"},"sameAs":["https:\/\/www.facebook.com\/becassinerestaurant\/","https:\/\/www.instagram.com\/restaurantbecassine\/"]}]}},"_links":{"self":[{"href":"https:\/\/www.restaurant-becassine.fr\/fr\/wp-json\/wp\/v2\/pages\/14872"}],"collection":[{"href":"https:\/\/www.restaurant-becassine.fr\/fr\/wp-json\/wp\/v2\/pages"}],"about":[{"href":"https:\/\/www.restaurant-becassine.fr\/fr\/wp-json\/wp\/v2\/types\/page"}],"author":[{"embeddable":true,"href":"https:\/\/www.restaurant-becassine.fr\/fr\/wp-json\/wp\/v2\/users\/1"}],"replies":[{"embeddable":true,"href":"https:\/\/www.restaurant-becassine.fr\/fr\/wp-json\/wp\/v2\/comments?post=14872"}],"version-history":[{"count":35,"href":"https:\/\/www.restaurant-becassine.fr\/fr\/wp-json\/wp\/v2\/pages\/14872\/revisions"}],"predecessor-version":[{"id":16653,"href":"https:\/\/www.restaurant-becassine.fr\/fr\/wp-json\/wp\/v2\/pages\/14872\/revisions\/16653"}],"wp:attachment":[{"href":"https:\/\/www.restaurant-becassine.fr\/fr\/wp-json\/wp\/v2\/media?parent=14872"}],"curies":[{"name":"wp","href":"https:\/\/api.w.org\/{rel}","templated":true}]}}